{"id":87,"date":"2012-12-04T21:37:35","date_gmt":"2012-12-04T20:37:35","guid":{"rendered":"https:\/\/evjubi.aries.uberspace.de\/wordpress\/?page_id=87"},"modified":"2017-02-12T22:28:15","modified_gmt":"2017-02-12T21:28:15","slug":"freundeskreis","status":"publish","type":"page","link":"https:\/\/evjubissingen.de\/wp\/ueber-uns\/freundeskreis\/","title":{"rendered":"Freundeskreis"},"content":{"rendered":"<p><strong>Welche Zwecke bzw. Ziele verfolgt der Freundeskreis?<\/strong><\/p>\n<p>Der Freundeskreis hat den Zweck, die evangelische Jugendarbeit in Bissingen ideell und materiell zu f\u00f6rdern und zu unterst\u00fctzen.<\/p>\n<p><strong>Die ideelle F\u00f6rderung:<\/strong><\/p>\n<ul>\n<li>Damit ist gemeint, dass sich die Mitglieder f\u00fcr die Belange der Jugendlichen in unserer kirchlichen und b\u00fcrgerlichen Gemeinde einsetzen.<\/li>\n<li>Durchf\u00fchrung verschiedener Veranstaltungen (Flohmarkt, gemeinsame Arbeitseins\u00e4tze und Wochenenden,&#8230;)<\/li>\n<li>Aktionen zur Bildung der Jugendlichen<\/li>\n<li>Jugendkulturarbeit<\/li>\n<\/ul>\n<p><strong>Die materielle F\u00f6rderung:<\/strong><\/p>\n<ul>\n<li>Durch den Mitgliedsbeitrag (Verdienende: 25,- \u20ac \/ Nichtverdienende 5,-\u20ac Jahresbeitrag)<\/li>\n<li>Durch Sachspenden<\/li>\n<li>Durch einmalige Spende f\u00fcr den Freundeskreis:<br \/>\nEv. Kirchengemeinde Bissingen<br \/>\nIBAN: DE14 6045 0050 0007 0131 86<br \/>\nBIC: SOLADES1LBG (Kreissparkasse Ludwigsburg)<br \/>\nStichwort: Freundeskreis EvJuBi<\/li>\n<\/ul>\n<p><strong>Wie kann ich mitmachen und mich einbringen?<\/strong><\/p>\n<p>Ganz einfach: Sie k\u00f6nnen sich entweder aktiv an der Mitarbeit bei Aktionen und Arbeitseins\u00e4tzen und als Mitglied im Beirat des Freundeskreises beteiligen, oder als passives Mitglied durch Ihren Jahresbeitrag die Arbeit des Freundeskreises und somit die Arbeit der Evangelischen Jugend Bissingen unterst\u00fctzen.<\/p>\n","protected":false},"excerpt":{"rendered":"<p>Welche Zwecke bzw. Ziele verfolgt der Freundeskreis? Der Freundeskreis hat den Zweck, die evangelische Jugendarbeit in Bissingen ideell und materiell zu f\u00f6rdern und zu unterst\u00fctzen. Die ideelle F\u00f6rderung: Damit ist gemeint, dass sich die Mitglieder f\u00fcr die Belange der Jugendlichen &hellip; <a href=\"https:\/\/evjubissingen.de\/wp\/ueber-uns\/freundeskreis\/\">Weiterlesen <span class=\"meta-nav\">&rarr;<\/span><\/a><\/p>\n","protected":false},"author":7,"featured_media":0,"parent":6,"menu_order":0,"comment_status":"closed","ping_status":"closed","template":"","meta":{"footnotes":""},"class_list":["post-87","page","type-page","status-publish","hentry"],"_links":{"self":[{"href":"https:\/\/evjubissingen.de\/wp\/wp-json\/wp\/v2\/pages\/87","targetHints":{"allow":["GET"]}}],"collection":[{"href":"https:\/\/evjubissingen.de\/wp\/wp-json\/wp\/v2\/pages"}],"about":[{"href":"https:\/\/evjubissingen.de\/wp\/wp-json\/wp\/v2\/types\/page"}],"author":[{"embeddable":true,"href":"https:\/\/evjubissingen.de\/wp\/wp-json\/wp\/v2\/users\/7"}],"replies":[{"embeddable":true,"href":"https:\/\/evjubissingen.de\/wp\/wp-json\/wp\/v2\/comments?post=87"}],"version-history":[{"count":4,"href":"https:\/\/evjubissingen.de\/wp\/wp-json\/wp\/v2\/pages\/87\/revisions"}],"predecessor-version":[{"id":782,"href":"https:\/\/evjubissingen.de\/wp\/wp-json\/wp\/v2\/pages\/87\/revisions\/782"}],"up":[{"embeddable":true,"href":"https:\/\/evjubissingen.de\/wp\/wp-json\/wp\/v2\/pages\/6"}],"wp:attachment":[{"href":"https:\/\/evjubissingen.de\/wp\/wp-json\/wp\/v2\/media?parent=87"}],"curies":[{"name":"wp","href":"https:\/\/api.w.org\/{rel}","templated":true}]}}